{"id":174,"date":"2024-05-06T10:58:14","date_gmt":"2024-05-06T08:58:14","guid":{"rendered":"https:\/\/gasvrijinspectie.nl\/?page_id=174"},"modified":"2024-05-06T11:00:48","modified_gmt":"2024-05-06T09:00:48","slug":"suche-nach-einem-grenzwert","status":"publish","type":"page","link":"https:\/\/gasvrijinspectie.nl\/de\/suche-nach-einem-grenzwert\/","title":{"rendered":"Suche nach einem Grenzwert"},"content":{"rendered":"<p class=\"p1\">In der Datenbank f\u00fcr Grenzwerte von Stoffen am Arbeitsplatz k\u00f6nnen Sie nachsehen, welcher Grenzwert festgelegt wurde. Verwenden Sie dazu das Suchfeld.<\/p>\n<h4 class=\"p1\">Laufende Arbeiten<\/h4>\n<p class=\"p1\">Die Grenzwertdatenbank, die Teil der Plattform f\u00fcr Sicherheit und Gesundheitsschutz bei der Arbeit des SBF ist, wurde mit gr\u00f6\u00dfter Sorgfalt zusammengestellt, aber einige Stoffe werden weiter aktualisiert, und manchmal sind Felder in der Datenbank nicht richtig verkn\u00fcpft. Der SER arbeitet daran, dies zu beheben. Wenn Ihnen etwas auff\u00e4llt, lassen Sie es uns bitte wissen unter <a href=\"mailto:arboplatform@ser.nl\">arboplatform@ser.nl<\/a>.<\/p>\n<p class=\"p1\">Die offizielle Quelle f\u00fcr Arbeitsplatzgrenzwerte f\u00fcr Stoffe in den Niederlanden ist Anhang XIII der Arbeitsschutzverordnung.<\/p>\n<p class=\"p1\"><a href=\"https:\/\/www.ser.nl\/nl\/thema\/arbeidsomstandigheden\/Grenswaarden-gevaarlijke-stoffen\/Grenswaarden\" target=\"_blank\" rel=\"noopener\">Suchen Sie die Grenzwerte nach Name, CAS-Nummer oder EU-Nummer<\/a><\/p>\n","protected":false},"excerpt":{"rendered":"<p>In der Datenbank f\u00fcr Grenzwerte von Stoffen am Arbeitsplatz k\u00f6nnen Sie nachsehen, welcher Grenzwert festgelegt wurde. Verwenden Sie dazu das &hellip; <a href=\"https:\/\/gasvrijinspectie.nl\/de\/suche-nach-einem-grenzwert\/\">Lees meer<\/a><\/p>\n","protected":false},"author":2,"featured_media":0,"parent":0,"menu_order":0,"comment_status":"closed","ping_status":"closed","template":"","meta":{"footnotes":""},"class_list":["post-174","page","type-page","status-publish","hentry"],"acf":[],"yoast_head":"<!-- This site is optimized with the Yoast SEO plugin v22.6 - https:\/\/yoast.com\/wordpress\/plugins\/seo\/ -->\n<title>Suche nach einem Grenzwert - Gasvrij Inspectie<\/title>\n<meta name=\"robots\" content=\"index, follow, max-snippet:-1, max-image-preview:large, max-video-preview:-1\" \/>\n<link rel=\"canonical\" href=\"https:\/\/gasvrijinspectie.nl\/de\/suche-nach-einem-grenzwert\/\" \/>\n<meta property=\"og:locale\" content=\"de_DE\" \/>\n<meta property=\"og:type\" content=\"article\" \/>\n<meta property=\"og:title\" content=\"Suche nach einem Grenzwert - Gasvrij Inspectie\" \/>\n<meta property=\"og:description\" content=\"In der Datenbank f\u00fcr Grenzwerte von Stoffen am Arbeitsplatz k\u00f6nnen Sie nachsehen, welcher Grenzwert festgelegt wurde. Verwenden Sie dazu das &hellip; Lees meer\" \/>\n<meta property=\"og:url\" content=\"https:\/\/gasvrijinspectie.nl\/de\/suche-nach-einem-grenzwert\/\" \/>\n<meta property=\"og:site_name\" content=\"Gasvrij Inspectie\" \/>\n<meta property=\"article:modified_time\" content=\"2024-05-06T09:00:48+00:00\" \/>\n<meta name=\"twitter:card\" content=\"summary_large_image\" \/>\n<meta name=\"twitter:label1\" content=\"Gesch\u00e4tzte Lesezeit\" \/>\n\t<meta name=\"twitter:data1\" content=\"1\u00a0Minute\" \/>\n<script type=\"application\/ld+json\" class=\"yoast-schema-graph\">{\"@context\":\"https:\/\/schema.org\",\"@graph\":[{\"@type\":\"WebPage\",\"@id\":\"https:\/\/gasvrijinspectie.nl\/de\/suche-nach-einem-grenzwert\/\",\"url\":\"https:\/\/gasvrijinspectie.nl\/de\/suche-nach-einem-grenzwert\/\",\"name\":\"Suche nach einem Grenzwert - Gasvrij Inspectie\",\"isPartOf\":{\"@id\":\"https:\/\/gasvrijinspectie.nl\/#website\"},\"datePublished\":\"2024-05-06T08:58:14+00:00\",\"dateModified\":\"2024-05-06T09:00:48+00:00\",\"breadcrumb\":{\"@id\":\"https:\/\/gasvrijinspectie.nl\/de\/suche-nach-einem-grenzwert\/#breadcrumb\"},\"inLanguage\":\"de\",\"potentialAction\":[{\"@type\":\"ReadAction\",\"target\":[\"https:\/\/gasvrijinspectie.nl\/de\/suche-nach-einem-grenzwert\/\"]}]},{\"@type\":\"BreadcrumbList\",\"@id\":\"https:\/\/gasvrijinspectie.nl\/de\/suche-nach-einem-grenzwert\/#breadcrumb\",\"itemListElement\":[{\"@type\":\"ListItem\",\"position\":1,\"name\":\"Home\",\"item\":\"https:\/\/gasvrijinspectie.nl\/de\/\"},{\"@type\":\"ListItem\",\"position\":2,\"name\":\"Suche nach einem Grenzwert\"}]},{\"@type\":\"WebSite\",\"@id\":\"https:\/\/gasvrijinspectie.nl\/#website\",\"url\":\"https:\/\/gasvrijinspectie.nl\/\",\"name\":\"Gasvrij Inspectie\",\"description\":\"Gecertificeerd gasdeskundigen tankschepen\",\"publisher\":{\"@id\":\"https:\/\/gasvrijinspectie.nl\/#organization\"},\"potentialAction\":[{\"@type\":\"SearchAction\",\"target\":{\"@type\":\"EntryPoint\",\"urlTemplate\":\"https:\/\/gasvrijinspectie.nl\/?s={search_term_string}\"},\"query-input\":\"required name=search_term_string\"}],\"inLanguage\":\"de\"},{\"@type\":\"Organization\",\"@id\":\"https:\/\/gasvrijinspectie.nl\/#organization\",\"name\":\"Gasvrij Inspectie\",\"url\":\"https:\/\/gasvrijinspectie.nl\/\",\"logo\":{\"@type\":\"ImageObject\",\"inLanguage\":\"de\",\"@id\":\"https:\/\/gasvrijinspectie.nl\/#\/schema\/logo\/image\/\",\"url\":\"https:\/\/gasvrijinspectie.nl\/wp-content\/uploads\/2024\/04\/gasvrij_inspectie_logo_footer.svg\",\"contentUrl\":\"https:\/\/gasvrijinspectie.nl\/wp-content\/uploads\/2024\/04\/gasvrij_inspectie_logo_footer.svg\",\"width\":1,\"height\":1,\"caption\":\"Gasvrij Inspectie\"},\"image\":{\"@id\":\"https:\/\/gasvrijinspectie.nl\/#\/schema\/logo\/image\/\"}}]}<\/script>\n<!-- \/ Yoast SEO plugin. -->","yoast_head_json":{"title":"Suche nach einem Grenzwert - Gasvrij Inspectie","robots":{"index":"index","follow":"follow","max-snippet":"max-snippet:-1","max-image-preview":"max-image-preview:large","max-video-preview":"max-video-preview:-1"},"canonical":"https:\/\/gasvrijinspectie.nl\/de\/suche-nach-einem-grenzwert\/","og_locale":"de_DE","og_type":"article","og_title":"Suche nach einem Grenzwert - Gasvrij Inspectie","og_description":"In der Datenbank f\u00fcr Grenzwerte von Stoffen am Arbeitsplatz k\u00f6nnen Sie nachsehen, welcher Grenzwert festgelegt wurde. Verwenden Sie dazu das &hellip; Lees meer","og_url":"https:\/\/gasvrijinspectie.nl\/de\/suche-nach-einem-grenzwert\/","og_site_name":"Gasvrij Inspectie","article_modified_time":"2024-05-06T09:00:48+00:00","twitter_card":"summary_large_image","twitter_misc":{"Gesch\u00e4tzte Lesezeit":"1\u00a0Minute"},"schema":{"@context":"https:\/\/schema.org","@graph":[{"@type":"WebPage","@id":"https:\/\/gasvrijinspectie.nl\/de\/suche-nach-einem-grenzwert\/","url":"https:\/\/gasvrijinspectie.nl\/de\/suche-nach-einem-grenzwert\/","name":"Suche nach einem Grenzwert - Gasvrij Inspectie","isPartOf":{"@id":"https:\/\/gasvrijinspectie.nl\/#website"},"datePublished":"2024-05-06T08:58:14+00:00","dateModified":"2024-05-06T09:00:48+00:00","breadcrumb":{"@id":"https:\/\/gasvrijinspectie.nl\/de\/suche-nach-einem-grenzwert\/#breadcrumb"},"inLanguage":"de","potentialAction":[{"@type":"ReadAction","target":["https:\/\/gasvrijinspectie.nl\/de\/suche-nach-einem-grenzwert\/"]}]},{"@type":"BreadcrumbList","@id":"https:\/\/gasvrijinspectie.nl\/de\/suche-nach-einem-grenzwert\/#breadcrumb","itemListElement":[{"@type":"ListItem","position":1,"name":"Home","item":"https:\/\/gasvrijinspectie.nl\/de\/"},{"@type":"ListItem","position":2,"name":"Suche nach einem Grenzwert"}]},{"@type":"WebSite","@id":"https:\/\/gasvrijinspectie.nl\/#website","url":"https:\/\/gasvrijinspectie.nl\/","name":"Gasvrij Inspectie","description":"Gecertificeerd gasdeskundigen tankschepen","publisher":{"@id":"https:\/\/gasvrijinspectie.nl\/#organization"},"potentialAction":[{"@type":"SearchAction","target":{"@type":"EntryPoint","urlTemplate":"https:\/\/gasvrijinspectie.nl\/?s={search_term_string}"},"query-input":"required name=search_term_string"}],"inLanguage":"de"},{"@type":"Organization","@id":"https:\/\/gasvrijinspectie.nl\/#organization","name":"Gasvrij Inspectie","url":"https:\/\/gasvrijinspectie.nl\/","logo":{"@type":"ImageObject","inLanguage":"de","@id":"https:\/\/gasvrijinspectie.nl\/#\/schema\/logo\/image\/","url":"https:\/\/gasvrijinspectie.nl\/wp-content\/uploads\/2024\/04\/gasvrij_inspectie_logo_footer.svg","contentUrl":"https:\/\/gasvrijinspectie.nl\/wp-content\/uploads\/2024\/04\/gasvrij_inspectie_logo_footer.svg","width":1,"height":1,"caption":"Gasvrij Inspectie"},"image":{"@id":"https:\/\/gasvrijinspectie.nl\/#\/schema\/logo\/image\/"}}]}},"_links":{"self":[{"href":"https:\/\/gasvrijinspectie.nl\/de\/wp-json\/wp\/v2\/pages\/174","targetHints":{"allow":["GET"]}}],"collection":[{"href":"https:\/\/gasvrijinspectie.nl\/de\/wp-json\/wp\/v2\/pages"}],"about":[{"href":"https:\/\/gasvrijinspectie.nl\/de\/wp-json\/wp\/v2\/types\/page"}],"author":[{"embeddable":true,"href":"https:\/\/gasvrijinspectie.nl\/de\/wp-json\/wp\/v2\/users\/2"}],"replies":[{"embeddable":true,"href":"https:\/\/gasvrijinspectie.nl\/de\/wp-json\/wp\/v2\/comments?post=174"}],"version-history":[{"count":3,"href":"https:\/\/gasvrijinspectie.nl\/de\/wp-json\/wp\/v2\/pages\/174\/revisions"}],"predecessor-version":[{"id":178,"href":"https:\/\/gasvrijinspectie.nl\/de\/wp-json\/wp\/v2\/pages\/174\/revisions\/178"}],"wp:attachment":[{"href":"https:\/\/gasvrijinspectie.nl\/de\/wp-json\/wp\/v2\/media?parent=174"}],"curies":[{"name":"wp","href":"https:\/\/api.w.org\/{rel}","templated":true}]}}